{"id":61009,"date":"2016-10-09T08:11:09","date_gmt":"2016-10-09T06:11:09","guid":{"rendered":"https:\/\/jmcginvest.com\/recrutement\/"},"modified":"2026-01-29T00:16:08","modified_gmt":"2026-01-28T23:16:08","slug":"recrutement","status":"publish","type":"page","link":"https:\/\/jmcginvest.com\/es\/recrutement\/","title":{"rendered":"Reclutamiento"},"content":{"rendered":"<div class=\"wpb-content-wrapper\"><p>[vc_row bg_type=\u00bbimage\u00bb parallax_style=\u00bbvcpb-default\u00bb bg_image_new=\u00bbid^53865|url^https:\/\/the7.io\/main\/wp-content\/uploads\/sites\/39\/2019\/11\/bg-dev-studio-05.jpg|caption^null|alt^null|title^bg-dev-studio-05|description^null\u00bb bg_image_repeat=\u00bbno-repeat\u00bb bg_img_attach=\u00bbfixed\u00bb bg_override=\u00bbfull\u00bb enable_overlay=\u00bbenable_overlay_value\u00bb overlay_color=\u00bbrgba(0,0,0,0.5)\u00bb overlay_pattern=\u00bbtransperant\u00bb overlay_pattern_opacity=\u00bb25&#8243; margin_top=\u00bb-50&#8243; type=\u00bbvc_default\u00bb css=\u00bb.vc_custom_1573140980581{padding-top: 12% !important;padding-bottom: 12% !important;background-color: #000000 !important;}\u00bb][vc_column offset=\u00bbvc_col-lg-12 vc_col-md-12&#8243; css=\u00bb.vc_custom_1476030031960{padding-bottom: 10px !important;}\u00bb]<div id=\"ultimate-heading-588969ef9a94a4aee\" class=\"uvc-heading ult-adjust-bottom-margin ultimate-heading-588969ef9a94a4aee uvc-4761 accent-title-color\" data-hspacer=\"no_spacer\"  data-halign=\"center\" style=\"text-align:center\"><div class=\"uvc-heading-spacer no_spacer\" style=\"top\"><\/div><div class=\"uvc-main-heading ult-responsive\"  data-ultimate-target='.uvc-heading.ultimate-heading-588969ef9a94a4aee h2'  data-responsive-json-new='{\"font-size\":\"desktop:34px;tablet_portrait:24px;mobile_landscape:20px;\",\"line-height\":\"desktop:44px;tablet_portrait:34px;mobile_landscape:30px;\"}' ><h2 style=\"font-weight:bold;color:#ffffff;\">Reclutamiento<\/h2><\/div><\/div>[\/vc_column][\/vc_row][vc_row type=\u00bbvc_default\u00bb css=\u00bb.vc_custom_1476008791393{padding-top: 70px !important;padding-bottom: 25px !important;}\u00bb][vc_column offset=\u00bbvc_col-lg-6 vc_col-md-6 vc_col-xs-12&#8243; css=\u00bb.vc_custom_1476005293248{padding-bottom: 50px !important;}\u00bb]<div id=\"ultimate-heading-2769ef9a94a4cff\" class=\"uvc-heading ult-adjust-bottom-margin ultimate-heading-2769ef9a94a4cff uvc-7089  uvc-heading-default-font-sizes\" data-hspacer=\"no_spacer\"  data-halign=\"left\" style=\"text-align:left\"><div class=\"uvc-heading-spacer no_spacer\" style=\"top\"><\/div><div class=\"uvc-main-heading ult-responsive\"  data-ultimate-target='.uvc-heading.ultimate-heading-2769ef9a94a4cff h3'  data-responsive-json-new='{\"font-size\":\"\",\"line-height\":\"\"}' ><h3 style=\"font-weight:bold;margin-bottom:25px;\">\u00bfQui\u00e9nes somos?<\/h3><\/div><\/div>[vc_column_text css=\u00bb\u00bb]Fundada con la visi\u00f3n de acompa\u00f1ar y apoyar a los emprendedores en su crecimiento, JMCG Invest es una sociedad de inversi\u00f3n especializada en la financiaci\u00f3n y apoyo estrat\u00e9gico de empresas de alto potencial. Nos comprometemos a ofrecer soluciones a medida adaptadas a las necesidades espec\u00edficas de cada proyecto, ya sea en t\u00e9rminos de capital, experiencia o red.[\/vc_column_text][\/vc_column][vc_column offset=\u00bbvc_col-lg-6 vc_col-md-6 vc_col-xs-12&#8243; css=\u00bb.vc_custom_1476005300152{padding-bottom: 50px !important;}\u00bb][vc_column_text css=\u00bb\u00bb]En JMCG Invest creemos firmemente que la clave del \u00e9xito radica en la sinergia entre innovaci\u00f3n, estrategia a largo plazo y apoyo constante a las empresas en las que invertimos. Nuestros valores est\u00e1n anclados en la transparencia, el compromiso y una visi\u00f3n emprendedora compartida con nuestros socios.<\/p>\n<p>Tanto si eres una startup en fase de desarrollo como una empresa en plena expansi\u00f3n, nuestro equipo de expertos te acompa\u00f1a durante todo tu recorrido, con el objetivo de maximizar tu crecimiento y sostener tu \u00e9xito.[\/vc_column_text][\/vc_column][\/vc_row][vc_row bg_type=\u00bbimage\u00bb parallax_style=\u00bbvcpb-default\u00bb bg_image_new=\u00bbid^53865|url^https:\/\/the7.io\/main\/wp-content\/uploads\/sites\/39\/2019\/11\/bg-dev-studio-05.jpg|caption^null|alt^null|title^bg-dev-studio-05|description^null\u00bb bg_image_repeat=\u00bbno-repeat\u00bb bg_img_attach=\u00bbfixed\u00bb bg_override=\u00bbfull\u00bb enable_overlay=\u00bbenable_overlay_value\u00bb overlay_color=\u00bbrgba(0,0,0,0.5)\u00bb overlay_pattern=\u00bbtransperant\u00bb overlay_pattern_opacity=\u00bb25&#8243; margin_top=\u00bb-50&#8243; type=\u00bbvc_default\u00bb css=\u00bb.vc_custom_1573140989852{padding-top: 70px !important;padding-bottom: 20px !important;background-color: #000000 !important;}\u00bb][vc_column width=\u00bb1\/3&#8243; offset=\u00bbvc_col-lg-4 vc_col-md-4&#8243; css=\u00bb.vc_custom_1476007482956{padding-bottom: 50px !important;}\u00bb]<div class=\"stats-block stats-left  accent-icon-bg  vc_custom_1726571710017\"><div class=\"aio-icon-left\"><div class=\"ult-just-icon-wrapper  \"><div class=\"align-icon\" style=\"text-align:center;\">\n<div class=\"aio-icon advanced \"  style=\"color:#ffffff;background:#ffffff;border-style:;border-color:#333333;border-width:1px;width:60px;height:60px;line-height:60px;border-radius:500px;font-size:24px;display:inline-block;\">\n\t<i class=\"fas fa-globe-americas\"><\/i>\n<\/div><\/div><\/div><\/div><div class=\"stats-desc\" id=\"counter-responsv-wrap-1529\"><div id=\"counter_223051649269ef9a94a5697\" data-id=\"counter_223051649269ef9a94a5697\"  data-ultimate-target='#counter-responsv-wrap-1529 .stats-number'  data-responsive-json-new='{\"font-size\":\"desktop:48px;\",\"line-height\":\"desktop:58px;\"}'  class=\"stats-number ult-responsive\" style=\" color:#ffffff; font-weight:bold;color:#ffffff;\" data-speed=\"5\" data-counter-value=\"5\" data-separator=\",\" data-decimal=\".\">0<\/div><div id=\"title-counter_223051649269ef9a94a5697\"  data-ultimate-target='#counter-responsv-wrap-1529 .stats-text'  data-responsive-json-new='{\"font-size\":\"desktop:20px;\",\"line-height\":\"desktop:30px;\"}'  class=\"stats-text ult-responsive\" style=\"font-size:px; color:#ffffff; font-weight:bold;\">Pa\u00eds<\/div><\/div><\/div>[\/vc_column][vc_column width=\u00bb1\/3&#8243; css=\u00bb.vc_custom_1476007487982{padding-bottom: 50px !important;}\u00bb]<div class=\"stats-block stats-left  accent-icon-bg  vc_custom_1726571842809\"><div class=\"aio-icon-left\"><div class=\"ult-just-icon-wrapper  \"><div class=\"align-icon\" style=\"text-align:center;\">\n<div class=\"aio-icon advanced \"  style=\"color:#ffffff;background:#ffffff;border-style:;border-color:#333333;border-width:1px;width:60px;height:60px;line-height:60px;border-radius:500px;font-size:24px;display:inline-block;\">\n\t<i class=\"fas fa-chevron-circle-down\"><\/i>\n<\/div><\/div><\/div><\/div><div class=\"stats-desc\" id=\"counter-responsv-wrap-3699\"><div id=\"counter_375090248369ef9a94a5afe\" data-id=\"counter_375090248369ef9a94a5afe\"  data-ultimate-target='#counter-responsv-wrap-3699 .stats-number'  data-responsive-json-new='{\"font-size\":\"desktop:48px;\",\"line-height\":\"desktop:58px;\"}'  class=\"stats-number ult-responsive\" style=\" color:#ffffff; font-weight:bold;color:#ffffff;\" data-speed=\"5\" data-counter-value=\"100\" data-separator=\",\" data-decimal=\".\">0<\/div><div id=\"title-counter_375090248369ef9a94a5afe\"  data-ultimate-target='#counter-responsv-wrap-3699 .stats-text'  data-responsive-json-new='{\"font-size\":\"desktop:18px;\",\"line-height\":\"desktop:28px;\"}'  class=\"stats-text ult-responsive\" style=\"font-size:px; color:#ffffff; font-weight:bold;\">Inversiones<\/div><\/div><\/div>[\/vc_column][vc_column width=\u00bb1\/3&#8243; css=\u00bb.vc_custom_1476007492901{padding-bottom: 50px !important;}\u00bb]<div class=\"stats-block stats-left  accent-icon-bg  vc_custom_1726571916590\"><div class=\"aio-icon-left\"><div class=\"ult-just-icon-wrapper  \"><div class=\"align-icon\" style=\"text-align:center;\">\n<div class=\"aio-icon advanced \"  style=\"color:#ffffff;background:#ffffff;border-style:;border-color:#333333;border-width:1px;width:60px;height:60px;line-height:60px;border-radius:500px;font-size:24px;display:inline-block;\">\n\t<i class=\"fas fa-briefcase\"><\/i>\n<\/div><\/div><\/div><\/div><div class=\"stats-desc\" id=\"counter-responsv-wrap-6072\"><div id=\"counter_126783827769ef9a94a5ed2\" data-id=\"counter_126783827769ef9a94a5ed2\"  data-ultimate-target='#counter-responsv-wrap-6072 .stats-number'  data-responsive-json-new='{\"font-size\":\"desktop:48px;\",\"line-height\":\"desktop:58px;\"}'  class=\"stats-number ult-responsive\" style=\" color:#ffffff; font-weight:bold;color:#ffffff;\" data-speed=\"5\" data-counter-value=\"11\" data-separator=\",\" data-decimal=\".\">0<\/div><div id=\"title-counter_126783827769ef9a94a5ed2\"  data-ultimate-target='#counter-responsv-wrap-6072 .stats-text'  data-responsive-json-new='{\"font-size\":\"desktop:20px;\",\"line-height\":\"desktop:30px;\"}'  class=\"stats-text ult-responsive\" style=\"font-size:px; color:#ffffff; font-weight:bold;\">Sectores de actividad<\/div><\/div><\/div>[\/vc_column][\/vc_row][vc_row type=\u00bbvc_default\u00bb css=\u00bb.vc_custom_1573140186870{padding-top: 70px !important;padding-bottom: 30px !important;}\u00bb][vc_column offset=\u00bbvc_col-lg-6 vc_col-md-6 vc_col-xs-12&#8243; css=\u00bb.vc_custom_1573139692756{padding-bottom: 30px !important;}\u00bb][vc_column_text css=\u00bb\u00bb]En JMCG Invest, buscamos constantemente talentos motivados e innovadores para unirse a nuestro equipo y contribuir a nuestra misi\u00f3n de apoyar a las empresas hacia el \u00e9xito. Si usted es un experto en su campo o un joven talento apasionado que busca nuevos desaf\u00edos, estaremos encantados de descubrir lo que puede aportar a nuestra empresa.<\/p>\n<p>Valoramos iniciativas y perfiles diversos que comparten nuestra visi\u00f3n de excelencia, innovaci\u00f3n y trabajo colaborativo. \u00bfNo ve una oferta que coincida con su perfil en nuestro sitio? Ning\u00fan problema ! Env\u00edanos tu solicitud espont\u00e1nea.<\/p>\n<p>Comparta con nosotros su CV y \u200b\u200buna carta de presentaci\u00f3n explicando c\u00f3mo sus habilidades, experiencias y ambiciones podr\u00edan alinearse con los objetivos de JMCG Invest. Cada solicitud ser\u00e1 estudiada cuidadosamente, y si surge una oportunidad, no dudaremos en contactar contigo.<\/p>\n<p>Creemos firmemente que las mejores colaboraciones surgen a menudo de oportunidades imprevistas. \u00a1No dudes en tomar la iniciativa y contarnos tus aspiraciones![\/vc_column_text][vc_single_image image=\u00bb61003&#8243; img_size=\u00bblarge\u00bb css=\u00bb\u00bb][\/vc_column][vc_column offset=\u00bbvc_col-lg-6 vc_col-md-6 vc_col-xs-12&#8243; css=\u00bb.vc_custom_1476012903703{padding-bottom: 50px !important;}\u00bb]<div id=\"ultimate-heading-356969ef9a94a601a\" class=\"uvc-heading ult-adjust-bottom-margin ultimate-heading-356969ef9a94a601a uvc-33 \" data-hspacer=\"no_spacer\"  data-halign=\"left\" style=\"text-align:left\"><div class=\"uvc-heading-spacer no_spacer\" style=\"top\"><\/div><div class=\"uvc-main-heading ult-responsive\"  data-ultimate-target='.uvc-heading.ultimate-heading-356969ef9a94a601a h2'  data-responsive-json-new='{\"font-size\":\"desktop:22px;\",\"line-height\":\"desktop:32px;\"}' ><h2 style=\"font-weight:bold;margin-bottom:35px;\">Candidatura<\/h2><\/div><\/div>[vc_raw_html css=\u00bb\u00bb]JTVCY29udGFjdC1mb3JtLTclMjBpZCUzRCUyMjdlY2M4ZTQlMjIlMjB0aXRsZSUzRCUyMlJlY3J1dGVtZW50JTIyJTVE[\/vc_raw_html][\/vc_column][\/vc_row]<\/p>\n<\/div>","protected":false},"excerpt":{"rendered":"<p>[vc_row bg_type=\u00bbimage\u00bb parallax_style=\u00bbvcpb-default\u00bb bg_image_new=\u00bbid^53865|url^https:\/\/the7.io\/main\/wp-content\/uploads\/sites\/39\/2019\/11\/bg-dev-studio-05.jpg|caption^null|alt^null|title^bg-dev-studio-05|description^null\u00bb bg_image_repeat=\u00bbno-repeat\u00bb bg_img_attach=\u00bbfixed\u00bb bg_override=\u00bbfull\u00bb enable_overlay=\u00bbenable_overlay_value\u00bb overlay_color=\u00bbrgba(0,0,0,0.5)\u00bb overlay_pattern=\u00bbtransperant\u00bb overlay_pattern_opacity=\u00bb25&#8243; margin_top=\u00bb-50&#8243; type=\u00bbvc_default\u00bb css=\u00bb.vc_custom_1573140980581{padding-top: 12% !important;padding-bottom: 12% !important;background-color: #000000 !important;}\u00bb][vc_column offset=\u00bbvc_col-lg-12 vc_col-md-12&#8243; css=\u00bb.vc_custom_1476030031960{padding-bottom: 10px !important;}\u00bb][\/vc_column][\/vc_row][vc_row type=\u00bbvc_default\u00bb css=\u00bb.vc_custom_1476008791393{padding-top: 70px !important;padding-bottom: 25px !important;}\u00bb][vc_column offset=\u00bbvc_col-lg-6 vc_col-md-6 vc_col-xs-12&#8243; css=\u00bb.vc_custom_1476005293248{padding-bottom: 50px !important;}\u00bb][vc_column_text css=\u00bb\u00bb]Fundada con la visi\u00f3n de acompa\u00f1ar y apoyar a los emprendedores en su crecimiento, JMCG Invest es una&hellip;<\/p>\n","protected":false},"author":1,"featured_media":0,"parent":0,"menu_order":20,"comment_status":"closed","ping_status":"closed","template":"","meta":{"footnotes":""},"class_list":["post-61009","page","type-page","status-publish","hentry","description-off"],"yoast_head":"<!-- This site is optimized with the Yoast SEO plugin v27.1.1 - https:\/\/yoast.com\/product\/yoast-seo-wordpress\/ -->\n<title>Reclutamiento - JMCGINVEST<\/title>\n<meta name=\"robots\" content=\"index, follow, max-snippet:-1, max-image-preview:large, max-video-preview:-1\" \/>\n<link rel=\"canonical\" href=\"https:\/\/jmcginvest.com\/es\/recrutement\/\" \/>\n<meta property=\"og:locale\" content=\"es_ES\" \/>\n<meta property=\"og:type\" content=\"article\" \/>\n<meta property=\"og:title\" content=\"Reclutamiento - JMCGINVEST\" \/>\n<meta property=\"og:description\" content=\"[vc_row bg_type=\u00bbimage\u00bb parallax_style=\u00bbvcpb-default\u00bb bg_image_new=\u00bbid^53865|url^https:\/\/the7.io\/main\/wp-content\/uploads\/sites\/39\/2019\/11\/bg-dev-studio-05.jpg|caption^null|alt^null|title^bg-dev-studio-05|description^null\u00bb bg_image_repeat=\u00bbno-repeat\u00bb bg_img_attach=\u00bbfixed\u00bb bg_override=\u00bbfull\u00bb enable_overlay=\u00bbenable_overlay_value\u00bb overlay_color=\u00bbrgba(0,0,0,0.5)\u00bb overlay_pattern=\u00bbtransperant\u00bb overlay_pattern_opacity=\u00bb25&#8243; margin_top=\u00bb-50&#8243; type=\u00bbvc_default\u00bb css=\u00bb.vc_custom_1573140980581{padding-top: 12% !important;padding-bottom: 12% !important;background-color: #000000 !important;}\u00bb][vc_column offset=\u00bbvc_col-lg-12 vc_col-md-12&#8243; css=\u00bb.vc_custom_1476030031960{padding-bottom: 10px !important;}\u00bb][\/vc_column][\/vc_row][vc_row type=\u00bbvc_default\u00bb css=\u00bb.vc_custom_1476008791393{padding-top: 70px !important;padding-bottom: 25px !important;}\u00bb][vc_column offset=\u00bbvc_col-lg-6 vc_col-md-6 vc_col-xs-12&#8243; css=\u00bb.vc_custom_1476005293248{padding-bottom: 50px !important;}\u00bb][vc_column_text css=\u00bb\u00bb]Fundada con la visi\u00f3n de acompa\u00f1ar y apoyar a los emprendedores en su crecimiento, JMCG Invest es una&hellip;\" \/>\n<meta property=\"og:url\" content=\"https:\/\/jmcginvest.com\/es\/recrutement\/\" \/>\n<meta property=\"og:site_name\" content=\"JMCGINVEST\" \/>\n<meta property=\"article:modified_time\" content=\"2026-01-28T23:16:08+00:00\" \/>\n<meta name=\"twitter:card\" content=\"summary_large_image\" \/>\n<meta name=\"twitter:label1\" content=\"Tiempo de lectura\" \/>\n\t<meta name=\"twitter:data1\" content=\"3 minutos\" \/>\n<script type=\"application\/ld+json\" class=\"yoast-schema-graph\">{\"@context\":\"https:\/\/schema.org\",\"@graph\":[{\"@type\":\"WebPage\",\"@id\":\"https:\/\/jmcginvest.com\/es\/recrutement\/\",\"url\":\"https:\/\/jmcginvest.com\/es\/recrutement\/\",\"name\":\"Reclutamiento - JMCGINVEST\",\"isPartOf\":{\"@id\":\"https:\/\/jmcginvest.com\/es\/#website\"},\"datePublished\":\"2016-10-09T06:11:09+00:00\",\"dateModified\":\"2026-01-28T23:16:08+00:00\",\"breadcrumb\":{\"@id\":\"https:\/\/jmcginvest.com\/es\/recrutement\/#breadcrumb\"},\"inLanguage\":\"es\",\"potentialAction\":[{\"@type\":\"ReadAction\",\"target\":[\"https:\/\/jmcginvest.com\/es\/recrutement\/\"]}]},{\"@type\":\"BreadcrumbList\",\"@id\":\"https:\/\/jmcginvest.com\/es\/recrutement\/#breadcrumb\",\"itemListElement\":[{\"@type\":\"ListItem\",\"position\":1,\"name\":\"Accueil\",\"item\":\"https:\/\/jmcginvest.com\/es\/\"},{\"@type\":\"ListItem\",\"position\":2,\"name\":\"Reclutamiento\"}]},{\"@type\":\"WebSite\",\"@id\":\"https:\/\/jmcginvest.com\/es\/#website\",\"url\":\"https:\/\/jmcginvest.com\/es\/\",\"name\":\"JMCGINVEST\",\"description\":\"JMCG INVEST Votre meilleur partenaire\",\"publisher\":{\"@id\":\"https:\/\/jmcginvest.com\/es\/#organization\"},\"alternateName\":\"JMCG INVEST\",\"potentialAction\":[{\"@type\":\"SearchAction\",\"target\":{\"@type\":\"EntryPoint\",\"urlTemplate\":\"https:\/\/jmcginvest.com\/es\/?s={search_term_string}\"},\"query-input\":{\"@type\":\"PropertyValueSpecification\",\"valueRequired\":true,\"valueName\":\"search_term_string\"}}],\"inLanguage\":\"es\"},{\"@type\":\"Organization\",\"@id\":\"https:\/\/jmcginvest.com\/es\/#organization\",\"name\":\"JMCGINVEST\",\"url\":\"https:\/\/jmcginvest.com\/es\/\",\"logo\":{\"@type\":\"ImageObject\",\"inLanguage\":\"es\",\"@id\":\"https:\/\/jmcginvest.com\/es\/#\/schema\/logo\/image\/\",\"url\":\"https:\/\/jmcginvest.com\/wp-content\/uploads\/2023\/12\/white-transparent_crop.png\",\"contentUrl\":\"https:\/\/jmcginvest.com\/wp-content\/uploads\/2023\/12\/white-transparent_crop.png\",\"width\":528,\"height\":48,\"caption\":\"JMCGINVEST\"},\"image\":{\"@id\":\"https:\/\/jmcginvest.com\/es\/#\/schema\/logo\/image\/\"},\"sameAs\":[\"https:\/\/www.linkedin.com\/company\/jmcg-invest\"]}]}<\/script>\n<!-- \/ Yoast SEO plugin. -->","yoast_head_json":{"title":"Reclutamiento - JMCGINVEST","robots":{"index":"index","follow":"follow","max-snippet":"max-snippet:-1","max-image-preview":"max-image-preview:large","max-video-preview":"max-video-preview:-1"},"canonical":"https:\/\/jmcginvest.com\/es\/recrutement\/","og_locale":"es_ES","og_type":"article","og_title":"Reclutamiento - JMCGINVEST","og_description":"[vc_row bg_type=\u00bbimage\u00bb parallax_style=\u00bbvcpb-default\u00bb bg_image_new=\u00bbid^53865|url^https:\/\/the7.io\/main\/wp-content\/uploads\/sites\/39\/2019\/11\/bg-dev-studio-05.jpg|caption^null|alt^null|title^bg-dev-studio-05|description^null\u00bb bg_image_repeat=\u00bbno-repeat\u00bb bg_img_attach=\u00bbfixed\u00bb bg_override=\u00bbfull\u00bb enable_overlay=\u00bbenable_overlay_value\u00bb overlay_color=\u00bbrgba(0,0,0,0.5)\u00bb overlay_pattern=\u00bbtransperant\u00bb overlay_pattern_opacity=\u00bb25&#8243; margin_top=\u00bb-50&#8243; type=\u00bbvc_default\u00bb css=\u00bb.vc_custom_1573140980581{padding-top: 12% !important;padding-bottom: 12% !important;background-color: #000000 !important;}\u00bb][vc_column offset=\u00bbvc_col-lg-12 vc_col-md-12&#8243; css=\u00bb.vc_custom_1476030031960{padding-bottom: 10px !important;}\u00bb][\/vc_column][\/vc_row][vc_row type=\u00bbvc_default\u00bb css=\u00bb.vc_custom_1476008791393{padding-top: 70px !important;padding-bottom: 25px !important;}\u00bb][vc_column offset=\u00bbvc_col-lg-6 vc_col-md-6 vc_col-xs-12&#8243; css=\u00bb.vc_custom_1476005293248{padding-bottom: 50px !important;}\u00bb][vc_column_text css=\u00bb\u00bb]Fundada con la visi\u00f3n de acompa\u00f1ar y apoyar a los emprendedores en su crecimiento, JMCG Invest es una&hellip;","og_url":"https:\/\/jmcginvest.com\/es\/recrutement\/","og_site_name":"JMCGINVEST","article_modified_time":"2026-01-28T23:16:08+00:00","twitter_card":"summary_large_image","twitter_misc":{"Tiempo de lectura":"3 minutos"},"schema":{"@context":"https:\/\/schema.org","@graph":[{"@type":"WebPage","@id":"https:\/\/jmcginvest.com\/es\/recrutement\/","url":"https:\/\/jmcginvest.com\/es\/recrutement\/","name":"Reclutamiento - JMCGINVEST","isPartOf":{"@id":"https:\/\/jmcginvest.com\/es\/#website"},"datePublished":"2016-10-09T06:11:09+00:00","dateModified":"2026-01-28T23:16:08+00:00","breadcrumb":{"@id":"https:\/\/jmcginvest.com\/es\/recrutement\/#breadcrumb"},"inLanguage":"es","potentialAction":[{"@type":"ReadAction","target":["https:\/\/jmcginvest.com\/es\/recrutement\/"]}]},{"@type":"BreadcrumbList","@id":"https:\/\/jmcginvest.com\/es\/recrutement\/#breadcrumb","itemListElement":[{"@type":"ListItem","position":1,"name":"Accueil","item":"https:\/\/jmcginvest.com\/es\/"},{"@type":"ListItem","position":2,"name":"Reclutamiento"}]},{"@type":"WebSite","@id":"https:\/\/jmcginvest.com\/es\/#website","url":"https:\/\/jmcginvest.com\/es\/","name":"JMCGINVEST","description":"JMCG INVEST Votre meilleur partenaire","publisher":{"@id":"https:\/\/jmcginvest.com\/es\/#organization"},"alternateName":"JMCG INVEST","potentialAction":[{"@type":"SearchAction","target":{"@type":"EntryPoint","urlTemplate":"https:\/\/jmcginvest.com\/es\/?s={search_term_string}"},"query-input":{"@type":"PropertyValueSpecification","valueRequired":true,"valueName":"search_term_string"}}],"inLanguage":"es"},{"@type":"Organization","@id":"https:\/\/jmcginvest.com\/es\/#organization","name":"JMCGINVEST","url":"https:\/\/jmcginvest.com\/es\/","logo":{"@type":"ImageObject","inLanguage":"es","@id":"https:\/\/jmcginvest.com\/es\/#\/schema\/logo\/image\/","url":"https:\/\/jmcginvest.com\/wp-content\/uploads\/2023\/12\/white-transparent_crop.png","contentUrl":"https:\/\/jmcginvest.com\/wp-content\/uploads\/2023\/12\/white-transparent_crop.png","width":528,"height":48,"caption":"JMCGINVEST"},"image":{"@id":"https:\/\/jmcginvest.com\/es\/#\/schema\/logo\/image\/"},"sameAs":["https:\/\/www.linkedin.com\/company\/jmcg-invest"]}]}},"_links":{"self":[{"href":"https:\/\/jmcginvest.com\/es\/wp-json\/wp\/v2\/pages\/61009","targetHints":{"allow":["GET"]}}],"collection":[{"href":"https:\/\/jmcginvest.com\/es\/wp-json\/wp\/v2\/pages"}],"about":[{"href":"https:\/\/jmcginvest.com\/es\/wp-json\/wp\/v2\/types\/page"}],"author":[{"embeddable":true,"href":"https:\/\/jmcginvest.com\/es\/wp-json\/wp\/v2\/users\/1"}],"replies":[{"embeddable":true,"href":"https:\/\/jmcginvest.com\/es\/wp-json\/wp\/v2\/comments?post=61009"}],"version-history":[{"count":5,"href":"https:\/\/jmcginvest.com\/es\/wp-json\/wp\/v2\/pages\/61009\/revisions"}],"predecessor-version":[{"id":61869,"href":"https:\/\/jmcginvest.com\/es\/wp-json\/wp\/v2\/pages\/61009\/revisions\/61869"}],"wp:attachment":[{"href":"https:\/\/jmcginvest.com\/es\/wp-json\/wp\/v2\/media?parent=61009"}],"curies":[{"name":"wp","href":"https:\/\/api.w.org\/{rel}","templated":true}]}}